{"id":610,"date":"2017-02-02T12:28:56","date_gmt":"2017-02-02T12:28:56","guid":{"rendered":"http:\/\/test.kriesi.at\/enfold-2017\/?page_id=610"},"modified":"2024-10-23T12:32:58","modified_gmt":"2024-10-23T11:32:58","slug":"politica-de-privacidad","status":"publish","type":"page","link":"https:\/\/grupoboulevard.com\/corp\/politica-de-privacidad\/","title":{"rendered":"Pol\u00edtica de Privacidad"},"content":{"rendered":"<div id='av_section_1'  class='avia-section av-215jki-b4f87fc9e06aae882568c41b22f059e7 main_color avia-section-large avia-no-border-styling  avia-builder-el-0  el_before_av_section  avia-builder-el-first  avia-bg-style-scroll container_wrap sidebar_right'  ><div class='container av-section-cont-open' ><main  role=\"main\" itemprop=\"mainContentOfPage\"  class='template-page content  av-content-small alpha units'><div class='post-entry post-entry-type-page post-entry-610'><div class='entry-content-wrapper clearfix'>\n\n<style type=\"text\/css\" data-created_by=\"avia_inline_auto\" id=\"style-css-av-1zfhru-fe6e3ab71f2cd3b678ed3d713ab78247\">\n#top .av-special-heading.av-1zfhru-fe6e3ab71f2cd3b678ed3d713ab78247{\npadding-bottom:20px;\nfont-size:40px;\n}\nbody .av-special-heading.av-1zfhru-fe6e3ab71f2cd3b678ed3d713ab78247 .av-special-heading-tag .heading-char{\nfont-size:25px;\n}\n#top #wrap_all .av-special-heading.av-1zfhru-fe6e3ab71f2cd3b678ed3d713ab78247 .av-special-heading-tag{\nfont-size:40px;\n}\n.av-special-heading.av-1zfhru-fe6e3ab71f2cd3b678ed3d713ab78247 .av-subheading{\nfont-size:15px;\n}\n\n@media only screen and (min-width: 480px) and (max-width: 767px){ \n#top #wrap_all .av-special-heading.av-1zfhru-fe6e3ab71f2cd3b678ed3d713ab78247 .av-special-heading-tag{\nfont-size:0.8em;\n}\n}\n\n@media only screen and (max-width: 479px){ \n#top #wrap_all .av-special-heading.av-1zfhru-fe6e3ab71f2cd3b678ed3d713ab78247 .av-special-heading-tag{\nfont-size:0.8em;\n}\n}\n<\/style>\n<div  class='av-special-heading av-1zfhru-fe6e3ab71f2cd3b678ed3d713ab78247 av-special-heading-h2 blockquote modern-quote  avia-builder-el-1  el_before_av_hr  avia-builder-el-first  av-inherit-size'><h2 class='av-special-heading-tag '  itemprop=\"headline\"  >Pol\u00edtica de Privacidad<\/h2><div class=\"special-heading-border\"><div class=\"special-heading-inner-border\"><\/div><\/div><\/div>\n\n<style type=\"text\/css\" data-created_by=\"avia_inline_auto\" id=\"style-css-av-1ptccq-97e20d6b6a2fa691ab6943cb85a301d0\">\n#top .hr.av-1ptccq-97e20d6b6a2fa691ab6943cb85a301d0{\nmargin-top:10px;\nmargin-bottom:10px;\n}\n.hr.av-1ptccq-97e20d6b6a2fa691ab6943cb85a301d0 .hr-inner{\nwidth:50px;\nborder-color:#000000;\n}\n<\/style>\n<div  class='hr av-1ptccq-97e20d6b6a2fa691ab6943cb85a301d0 hr-custom  avia-builder-el-2  el_after_av_heading  el_before_av_one_half  hr-left hr-icon-no'><span class='hr-inner inner-border-av-border-fat'><span class=\"hr-inner-style\"><\/span><\/span><\/div>\n\n<style type=\"text\/css\" data-created_by=\"avia_inline_auto\" id=\"style-css-av-1mupma-90d036d74f51bb1217a57fbaad11323b\">\n.flex_column.av-1mupma-90d036d74f51bb1217a57fbaad11323b{\nborder-radius:0px 0px 0px 0px;\npadding:0px 0px 0px 0px;\n}\n<\/style>\n<div  class='flex_column av-1mupma-90d036d74f51bb1217a57fbaad11323b av_one_half  avia-builder-el-3  el_after_av_hr  el_before_av_one_half  first flex_column_div av-zero-column-padding  '     ><section  class='av_textblock_section av-1d759u-d755b8a7e1e74975dc1c4d84c0a19d28 '   itemscope=\"itemscope\" itemtype=\"https:\/\/schema.org\/CreativeWork\" ><div class='avia_textblock'  itemprop=\"text\" ><p>Esta pol\u00edtica de privacidad se aplica a la presente web www.bonavidaapartments.com<\/p>\n<p>Por favor, l\u00e9ala detenidamente. En ella encontrar\u00e1 informaci\u00f3n importante sobre el tratamiento de sus datos personales y los derechos que le reconoce la normativa vigente en la materia.<\/p>\n<p>Nos reservamos el derecho de actualizar nuestra pol\u00edtica de privacidad en cualquier momento con motivo de decisiones empresariales, as\u00ed como para cumplir con eventuales cambios legislativos o jurisprudenciales. Si tiene dudas o necesita cualquier aclaraci\u00f3n respecto a nuestra Pol\u00edtica de privacidad o a sus derechos, puede contactar con nosotros a trav\u00e9s de los canales que se indican m\u00e1s abajo.<\/p>\n<p>Ud. manifiesta que los datos que nos facilite, ahora o en el futuro, son correctos y veraces y se compromete a comunicarnos cualquier modificaci\u00f3n de los mismos. En caso de proporcionar datos de car\u00e1cter personal de terceros, se compromete a obtener el consentimiento previo de los afectados y a informarles acerca del contenido de esta pol\u00edtica.<\/p>\n<p>De manera general, los campos se\u00f1alados como obligatorios en nuestros formularios deber\u00e1n ser necesariamente cumplimentados para poder tramitar sus solicitudes.<\/p>\n<p><strong>1. \u00bfQui\u00e9n es el responsable del tratamiento de sus datos?<\/strong><\/p>\n<p>El responsable del tratamiento de los datos personales recogidos en esta web es:<\/p>\n<ul>\n<li><strong>Titular:<\/strong>\u00a0 Grupo Boulevard \u00b7 Boulevard Proyectos Integrales SL.<\/li>\n<li><strong>NIF:<\/strong> B42721639<\/li>\n<li><strong>Domicilio:<\/strong>\u00a0 Avenida s&#8217;Albufera 23, Baleares &#8211; Espa\u00f1a.<\/li>\n<li><strong>Correo electr\u00f3nico:<\/strong> <a class=\"breadcrumb__item\" href=\"https:\/\/my.ionos.es\/email-account-details\/mailbox\/16714923702\">seguridad@boulevard-projects.com<\/a><\/li>\n<li><strong>Sitio Web:<\/strong>\u00a0 <a href=\"..\/\">https:\/\/www.grupoboulevard.com<\/a><\/li>\n<\/ul>\n<p><strong>2. \u00bfPara qu\u00e9 trataremos sus datos y sobre qu\u00e9 base jur\u00eddica?<\/strong><\/p>\n<p>2.1 Gesti\u00f3n de la relaci\u00f3n con los clientes y usuarios:<br \/>\nTratamos los datos que nuestros clientes y usuarios proporcionen en sus consultas para atender sus solicitudes.<br \/>\nEste tratamiento es necesario para la ejecuci\u00f3n de la relaci\u00f3n jur\u00eddica con los usuarios de la web o para la aplicaci\u00f3n de medidas precontractuales a su propia petici\u00f3n.<\/p>\n<p>2.2 Gesti\u00f3n de cuentas:<br \/>\nTratamos los datos que nuestros usuarios proporcionen en el formulario de alta en la web, as\u00ed como, los que registre en su perfil, para crear y administrar sus cuentas y para darles acceso a las funcionalidades disponibles para usuarios registrados.<br \/>\nEstos tratamientos son necesarios para la aplicaci\u00f3n de medidas precontractuales a su propia petici\u00f3n.<\/p>\n<p>2.3 Gesti\u00f3n de las reservas de alojamiento y servicios:<br \/>\nLos datos proporcionados en los formularios de reserva de alojamiento o contrataci\u00f3n de servicios, ser\u00e1n tratados para la gesti\u00f3n de dichas reservas y la prestaci\u00f3n de los servicios solicitados. Las categor\u00edas de datos que tratamos para estos fines son los siguientes:<br \/>\n\u2013 Datos identificativos (nombre, apellidos y DNI\/pasaporte) y de contacto (direcci\u00f3n, email y tel\u00e9fono) del titular de la reserva;<br \/>\n\u2013 Datos de la propia reserva, bono o servicio solicitado.<br \/>\n\u2013 Datos econ\u00f3micos y de transacciones.<br \/>\nEl tratamiento de estos datos es necesario para la prestaci\u00f3n de los servicios solicitados, la ejecuci\u00f3n del contrato de alojamiento o para la aplicaci\u00f3n de medidas precontractuales a su propia petici\u00f3n.<br \/>\nLos datos econ\u00f3micos y de transacciones de bienes y servicios realizadas en la web, ser\u00e1n tratados para fines de gesti\u00f3n contable y administrativa y el cumplimiento de nuestras obligaciones legales en materia contable y fiscal.<\/p>\n<p>2.4 Env\u00edo de comunicaciones comerciales y gesti\u00f3n de listas de distribuci\u00f3n:<br \/>\nTratamos los datos identificativos y de contacto proporcionados por nuestros clientes y las personas que se den de alta en nuestras listas de distribuci\u00f3n para enviarles comunicaciones relativas a nuestros productos y servicios.<br \/>\nEstos tratamientos se basan en el consentimiento que se le solicita. No prestar su consentimiento o retirarlo no condiciona la tramitaci\u00f3n de sus reservas o la prestaci\u00f3n de los servicios contratados. Puede solicitar su baja de los tratamientos con fines comerciales enviando un email a la siguiente direcci\u00f3n de correo electr\u00f3nico: <a class=\"breadcrumb__item\" href=\"https:\/\/my.ionos.es\/email-account-details\/mailbox\/16714923702\">seguridad@boulevard-projects.com<\/a><\/p>\n<p>2.5 Administraci\u00f3n y gesti\u00f3n de la seguridad de la web:<br \/>\nTratamos datos de navegaci\u00f3n (direcciones IP o logs) para administrar y gestionar la seguridad de la web y de sus \u00e1reas de acceso restringido.<br \/>\nEste tratamiento se basa en nuestro inter\u00e9s leg\u00edtimo en garantizar la seguridad de la web. Este inter\u00e9s est\u00e1 expresamente reconocido por el considerando 49 del RGPD. Para la ponderaci\u00f3n de dicho inter\u00e9s respecto a sus derechos y libertades se ha tenido en cuenta que este tratamiento corresponde a pr\u00e1cticas de seguridad generalizas y no plantea amenazas significativas para los interesados.<\/p>\n<\/div><\/section><\/div>\n<style type=\"text\/css\" data-created_by=\"avia_inline_auto\" id=\"style-css-av-8mnca-2643c642b96bc13e4a2bb90d9dcb484a\">\n.flex_column.av-8mnca-2643c642b96bc13e4a2bb90d9dcb484a{\nborder-radius:0px 0px 0px 0px;\npadding:0px 0px 0px 0px;\n}\n<\/style>\n<div  class='flex_column av-8mnca-2643c642b96bc13e4a2bb90d9dcb484a av_one_half  avia-builder-el-5  el_after_av_one_half  avia-builder-el-last  flex_column_div av-zero-column-padding  '     ><section  class='av_textblock_section av-la2fu9kz-1c56c704c6a7621f85dedad5ce17eb4a '   itemscope=\"itemscope\" itemtype=\"https:\/\/schema.org\/CreativeWork\" ><div class='avia_textblock'  itemprop=\"text\" ><p>2.6 Fines estad\u00edsticos y de gesti\u00f3n de calidad:<br \/>\nCon el fin de evaluar y gestionar la calidad de nuestros servicios y productos, tratamos datos identificativos y los datos de contacto proporcionados por nuestros clientes en sus solicitudes o sugerencias. Tambi\u00e9n realizamos estad\u00edsticas a partir de datos agregados obtenidos de datos de transacciones y de los datos de navegaci\u00f3n en la web, p. ej. direcci\u00f3n IP, weblogs, p\u00e1ginas visitadas o acciones realizadas en la Web (+ info en nuestra pol\u00edtica de cookies).<br \/>\nEstos tratamientos se basan en nuestro Inter\u00e9s leg\u00edtimo para evaluar y gestionar la calidad de nuestros servicios y productos. Para la ponderaci\u00f3n de este inter\u00e9s respecto a sus derechos y libertades se ha determinado que el tratamiento ten\u00eda un impacto limitado en la privacidad de los interesados, correspond\u00eda a expectativas razonables de los mismos y no planteaba amenazas significativas.<\/p>\n<p><strong>3. \u00bfA qui\u00e9n podemos comunicar sus datos?<\/strong><\/p>\n<p>Sus datos s\u00f3lo ser\u00e1n comunicados a terceros por obligaci\u00f3n legal, con su consentimiento o cuando su petici\u00f3n implique tal comunicaci\u00f3n.<\/p>\n<p><strong>4. \u00bfCu\u00e1nto tiempo conservaremos sus datos?<\/strong><\/p>\n<p>De manera general conservamos sus datos durante la vigencia de la relaci\u00f3n que mantiene con nosotros y en todo caso durante los plazos previstos en las disposiciones legales aplicables, por ejemplo, en materia contable y fiscal, y durante el tiempo necesario para atender a posibles responsabilidades nacidas del tratamiento. Cancelaremos sus datos cuando hayan dejado de ser necesarios o pertinentes para las finalidades para las cuales fueron recabados. Los logs de acceso a \u00e1reas restringidas de la web se cancelar\u00e1n al mes de su creaci\u00f3n. Se cancelar\u00e1 la informaci\u00f3n relacionada con la navegaci\u00f3n, una vez finalizada la conexi\u00f3n web y realizadas las estad\u00edsticas.<\/p>\n<p>Los datos tratados con fines comerciales se conservar\u00e1n vigentes mientras no se solicite su baja.<\/p>\n<p><strong>5. \u00bfCu\u00e1les son sus derechos?<\/strong><\/p>\n<p>Tiene derecho a obtener confirmaci\u00f3n de si estamos tratando o no sus datos personales y, en tal caso, acceder a los mismos. Puede igualmente pedir que sus datos sean rectificados cuando sean inexactos o a que se completen los datos que sean incompletos, as\u00ed como solicitar su supresi\u00f3n cuando, entre otros motivos, los datos ya no sean necesarios para los fines para los que fueron recogidos.<\/p>\n<p>En determinadas circunstancias, podr\u00e1 solicitar la limitaci\u00f3n del tratamiento de sus datos. En tal caso, s\u00f3lo trataremos los datos afectados para la formulaci\u00f3n, el ejercicio o la defensa de reclamaciones o con miras a la protecci\u00f3n de los derechos de otras personas. En determinadas condiciones y por motivos relacionados con su situaci\u00f3n particular, podr\u00e1 igualmente oponerse al tratamiento de sus datos. En este caso, dejaremos de tratar los datos salvo por motivos leg\u00edtimos imperiosos que prevalezcan sobre sus intereses o derechos y libertades, o para la formulaci\u00f3n, el ejercicio o la defensa de reclamaciones.<\/p>\n<p>As\u00ed mismo y bajo ciertas condiciones podr\u00e1 solicitar la portabilidad de sus datos para que sean transmitidos a otro responsable del tratamiento.<\/p>\n<p>En cualquier momento puede revocar el consentimiento que hubiese prestado para determinadas finalidades, sin que ello afecte a la licitud del tratamiento basado en el consentimiento previo a su retirada.<\/p>\n<p>Tiene igualmente el derecho a presentar una reclamaci\u00f3n ante una autoridad de protecci\u00f3n de datos.<\/p>\n<p>Le informamos de que el Reglamento Europeo de Protecci\u00f3n de Datos Personales reconoce igualmente el derecho a la portabilidad de sus datos.<\/p>\n<p>Tiene tambi\u00e9n derecho a oponerse a la adopci\u00f3n de decisiones individuales automatizadas que produzcan efectos jur\u00eddicos sobre Ud. o le afecten significativamente de modo similar, cuando concurra este derecho de acuerdo con lo previsto en el art\u00edculo 22 del Reglamento (UE) 2016\/679.<\/p>\n<p>Para ejercer sus derechos deber\u00e1 remitirnos una solicitud acompa\u00f1ada de una copia de su documento nacional de identidad u otro documento v\u00e1lido que le identifique por correo postal o electr\u00f3nico a las direcciones indicadas en el apartado \u00bfQui\u00e9n es el responsable del tratamiento de sus datos?<\/p>\n<p>Podr\u00e1 obtener m\u00e1s informaci\u00f3n sobre sus derechos y c\u00f3mo ejercerlos en la p\u00e1gina de la Agencia Espa\u00f1ola de Protecci\u00f3n de Datos en www.aepd.es.<\/p>\n<\/div><\/section><\/div><\/div><\/div><\/main><!-- close content main element --><\/div><\/div><div id='av_section_2'  class='avia-section av-vrfa2-e24b8e504b24193192bdba6ca52fd91a main_color avia-section-large avia-no-border-styling  avia-builder-el-7  el_after_av_section  avia-builder-el-last  avia-bg-style-scroll container_wrap sidebar_right'  ><div class='container av-section-cont-open' ><div class='template-page content  av-content-small alpha units'><div class='post-entry post-entry-type-page post-entry-610'><div class='entry-content-wrapper clearfix'>\n\n<style type=\"text\/css\" data-created_by=\"avia_inline_auto\" id=\"style-css-av-qw53e-e9e2f51d08e5a9ff3126fb66f3286943\">\n.flex_column.av-qw53e-e9e2f51d08e5a9ff3126fb66f3286943{\nborder-radius:0px 0px 0px 0px;\npadding:0px 0px 0px 0px;\n}\n<\/style>\n<div  class='flex_column av-qw53e-e9e2f51d08e5a9ff3126fb66f3286943 av_one_half  avia-builder-el-8  el_before_av_one_half  avia-builder-el-first  first flex_column_div av-zero-column-padding  '     ><\/div>\n<style type=\"text\/css\" data-created_by=\"avia_inline_auto\" id=\"style-css-av-cyvki-019b9dd6688d7e0960a916a186ffcd3f\">\n.flex_column.av-cyvki-019b9dd6688d7e0960a916a186ffcd3f{\nborder-radius:0px 0px 0px 0px;\npadding:0px 0px 0px 0px;\n}\n<\/style>\n<div  class='flex_column av-cyvki-019b9dd6688d7e0960a916a186ffcd3f av_one_half  avia-builder-el-9  el_after_av_one_half  avia-builder-el-last  flex_column_div av-zero-column-padding  '     ><\/div>\n<\/div><\/div><\/div><!-- close content main div --><\/div><\/div><div id='after_section_2'  class='main_color av_default_container_wrap container_wrap sidebar_right'  ><div class='container av-section-cont-open' ><div class='template-page content  av-content-small alpha units'><div class='post-entry post-entry-type-page post-entry-610'><div class='entry-content-wrapper clearfix'><\/p>\n","protected":false},"excerpt":{"rendered":"","protected":false},"author":1,"featured_media":0,"parent":0,"menu_order":0,"comment_status":"closed","ping_status":"closed","template":"","meta":{"footnotes":""},"class_list":["post-610","page","type-page","status-publish","hentry"],"yoast_head":"<!-- This site is optimized with the Yoast SEO plugin v26.9 - https:\/\/yoast.com\/product\/yoast-seo-wordpress\/ -->\n<title>Pol\u00edtica de Privacidad - Grupo Boulevard | Desde 1993<\/title>\n<meta name=\"robots\" content=\"index, follow, max-snippet:-1, max-image-preview:large, max-video-preview:-1\" \/>\n<link rel=\"canonical\" href=\"https:\/\/grupoboulevard.com\/corp\/politica-de-privacidad\/\" \/>\n<meta property=\"og:locale\" content=\"es_ES\" \/>\n<meta property=\"og:type\" content=\"article\" \/>\n<meta property=\"og:title\" content=\"Pol\u00edtica de Privacidad - Grupo Boulevard | Desde 1993\" \/>\n<meta property=\"og:url\" content=\"https:\/\/grupoboulevard.com\/corp\/politica-de-privacidad\/\" \/>\n<meta property=\"og:site_name\" content=\"Grupo Boulevard | Desde 1993\" \/>\n<meta property=\"article:publisher\" content=\"https:\/\/es-es.facebook.com\/ProyectosBoulevard\/\" \/>\n<meta property=\"article:modified_time\" content=\"2024-10-23T11:32:58+00:00\" \/>\n<meta name=\"twitter:card\" content=\"summary_large_image\" \/>\n<meta name=\"twitter:label1\" content=\"Tiempo de lectura\" \/>\n\t<meta name=\"twitter:data1\" content=\"7 minutos\" \/>\n<script type=\"application\/ld+json\" class=\"yoast-schema-graph\">{\"@context\":\"https:\/\/schema.org\",\"@graph\":[{\"@type\":\"WebPage\",\"@id\":\"https:\/\/grupoboulevard.com\/corp\/politica-de-privacidad\/\",\"url\":\"https:\/\/grupoboulevard.com\/corp\/politica-de-privacidad\/\",\"name\":\"Pol\u00edtica de Privacidad - Grupo Boulevard | Desde 1993\",\"isPartOf\":{\"@id\":\"https:\/\/grupoboulevard.com\/corp\/#website\"},\"datePublished\":\"2017-02-02T12:28:56+00:00\",\"dateModified\":\"2024-10-23T11:32:58+00:00\",\"breadcrumb\":{\"@id\":\"https:\/\/grupoboulevard.com\/corp\/politica-de-privacidad\/#breadcrumb\"},\"inLanguage\":\"es\",\"potentialAction\":[{\"@type\":\"ReadAction\",\"target\":[\"https:\/\/grupoboulevard.com\/corp\/politica-de-privacidad\/\"]}]},{\"@type\":\"BreadcrumbList\",\"@id\":\"https:\/\/grupoboulevard.com\/corp\/politica-de-privacidad\/#breadcrumb\",\"itemListElement\":[{\"@type\":\"ListItem\",\"position\":1,\"name\":\"Portada\",\"item\":\"https:\/\/grupoboulevard.com\/corp\/grupo-boulevard\/\"},{\"@type\":\"ListItem\",\"position\":2,\"name\":\"Pol\u00edtica de Privacidad\"}]},{\"@type\":\"WebSite\",\"@id\":\"https:\/\/grupoboulevard.com\/corp\/#website\",\"url\":\"https:\/\/grupoboulevard.com\/corp\/\",\"name\":\"Grupo Boulevard | Desde 1993\",\"description\":\"Passion for Projects\",\"publisher\":{\"@id\":\"https:\/\/grupoboulevard.com\/corp\/#organization\"},\"potentialAction\":[{\"@type\":\"SearchAction\",\"target\":{\"@type\":\"EntryPoint\",\"urlTemplate\":\"https:\/\/grupoboulevard.com\/corp\/?s={search_term_string}\"},\"query-input\":{\"@type\":\"PropertyValueSpecification\",\"valueRequired\":true,\"valueName\":\"search_term_string\"}}],\"inLanguage\":\"es\"},{\"@type\":\"Organization\",\"@id\":\"https:\/\/grupoboulevard.com\/corp\/#organization\",\"name\":\"Grupo Boulevard\",\"alternateName\":\"Grupo Boulevard\",\"url\":\"https:\/\/grupoboulevard.com\/corp\/\",\"logo\":{\"@type\":\"ImageObject\",\"inLanguage\":\"es\",\"@id\":\"https:\/\/grupoboulevard.com\/corp\/#\/schema\/logo\/image\/\",\"url\":\"https:\/\/grupoboulevard.com\/corp\/wp-content\/uploads\/2022\/11\/cropped-favicon_b.png\",\"contentUrl\":\"https:\/\/grupoboulevard.com\/corp\/wp-content\/uploads\/2022\/11\/cropped-favicon_b.png\",\"width\":512,\"height\":512,\"caption\":\"Grupo Boulevard\"},\"image\":{\"@id\":\"https:\/\/grupoboulevard.com\/corp\/#\/schema\/logo\/image\/\"},\"sameAs\":[\"https:\/\/es-es.facebook.com\/ProyectosBoulevard\/\",\"https:\/\/www.instagram.com\/boulevard_grupo\/?hl=es\"]}]}<\/script>\n<!-- \/ Yoast SEO plugin. -->","yoast_head_json":{"title":"Pol\u00edtica de Privacidad - Grupo Boulevard | Desde 1993","robots":{"index":"index","follow":"follow","max-snippet":"max-snippet:-1","max-image-preview":"max-image-preview:large","max-video-preview":"max-video-preview:-1"},"canonical":"https:\/\/grupoboulevard.com\/corp\/politica-de-privacidad\/","og_locale":"es_ES","og_type":"article","og_title":"Pol\u00edtica de Privacidad - Grupo Boulevard | Desde 1993","og_url":"https:\/\/grupoboulevard.com\/corp\/politica-de-privacidad\/","og_site_name":"Grupo Boulevard | Desde 1993","article_publisher":"https:\/\/es-es.facebook.com\/ProyectosBoulevard\/","article_modified_time":"2024-10-23T11:32:58+00:00","twitter_card":"summary_large_image","twitter_misc":{"Tiempo de lectura":"7 minutos"},"schema":{"@context":"https:\/\/schema.org","@graph":[{"@type":"WebPage","@id":"https:\/\/grupoboulevard.com\/corp\/politica-de-privacidad\/","url":"https:\/\/grupoboulevard.com\/corp\/politica-de-privacidad\/","name":"Pol\u00edtica de Privacidad - Grupo Boulevard | Desde 1993","isPartOf":{"@id":"https:\/\/grupoboulevard.com\/corp\/#website"},"datePublished":"2017-02-02T12:28:56+00:00","dateModified":"2024-10-23T11:32:58+00:00","breadcrumb":{"@id":"https:\/\/grupoboulevard.com\/corp\/politica-de-privacidad\/#breadcrumb"},"inLanguage":"es","potentialAction":[{"@type":"ReadAction","target":["https:\/\/grupoboulevard.com\/corp\/politica-de-privacidad\/"]}]},{"@type":"BreadcrumbList","@id":"https:\/\/grupoboulevard.com\/corp\/politica-de-privacidad\/#breadcrumb","itemListElement":[{"@type":"ListItem","position":1,"name":"Portada","item":"https:\/\/grupoboulevard.com\/corp\/grupo-boulevard\/"},{"@type":"ListItem","position":2,"name":"Pol\u00edtica de Privacidad"}]},{"@type":"WebSite","@id":"https:\/\/grupoboulevard.com\/corp\/#website","url":"https:\/\/grupoboulevard.com\/corp\/","name":"Grupo Boulevard | Desde 1993","description":"Passion for Projects","publisher":{"@id":"https:\/\/grupoboulevard.com\/corp\/#organization"},"potentialAction":[{"@type":"SearchAction","target":{"@type":"EntryPoint","urlTemplate":"https:\/\/grupoboulevard.com\/corp\/?s={search_term_string}"},"query-input":{"@type":"PropertyValueSpecification","valueRequired":true,"valueName":"search_term_string"}}],"inLanguage":"es"},{"@type":"Organization","@id":"https:\/\/grupoboulevard.com\/corp\/#organization","name":"Grupo Boulevard","alternateName":"Grupo Boulevard","url":"https:\/\/grupoboulevard.com\/corp\/","logo":{"@type":"ImageObject","inLanguage":"es","@id":"https:\/\/grupoboulevard.com\/corp\/#\/schema\/logo\/image\/","url":"https:\/\/grupoboulevard.com\/corp\/wp-content\/uploads\/2022\/11\/cropped-favicon_b.png","contentUrl":"https:\/\/grupoboulevard.com\/corp\/wp-content\/uploads\/2022\/11\/cropped-favicon_b.png","width":512,"height":512,"caption":"Grupo Boulevard"},"image":{"@id":"https:\/\/grupoboulevard.com\/corp\/#\/schema\/logo\/image\/"},"sameAs":["https:\/\/es-es.facebook.com\/ProyectosBoulevard\/","https:\/\/www.instagram.com\/boulevard_grupo\/?hl=es"]}]}},"_links":{"self":[{"href":"https:\/\/grupoboulevard.com\/corp\/wp-json\/wp\/v2\/pages\/610","targetHints":{"allow":["GET"]}}],"collection":[{"href":"https:\/\/grupoboulevard.com\/corp\/wp-json\/wp\/v2\/pages"}],"about":[{"href":"https:\/\/grupoboulevard.com\/corp\/wp-json\/wp\/v2\/types\/page"}],"author":[{"embeddable":true,"href":"https:\/\/grupoboulevard.com\/corp\/wp-json\/wp\/v2\/users\/1"}],"replies":[{"embeddable":true,"href":"https:\/\/grupoboulevard.com\/corp\/wp-json\/wp\/v2\/comments?post=610"}],"version-history":[{"count":5,"href":"https:\/\/grupoboulevard.com\/corp\/wp-json\/wp\/v2\/pages\/610\/revisions"}],"predecessor-version":[{"id":5312,"href":"https:\/\/grupoboulevard.com\/corp\/wp-json\/wp\/v2\/pages\/610\/revisions\/5312"}],"wp:attachment":[{"href":"https:\/\/grupoboulevard.com\/corp\/wp-json\/wp\/v2\/media?parent=610"}],"curies":[{"name":"wp","href":"https:\/\/api.w.org\/{rel}","templated":true}]}}