{"id":613,"date":"2017-02-02T12:29:24","date_gmt":"2017-02-02T12:29:24","guid":{"rendered":"http:\/\/test.kriesi.at\/enfold-2017\/?page_id=613"},"modified":"2022-11-04T13:40:29","modified_gmt":"2022-11-04T12:40:29","slug":"nota-legal","status":"publish","type":"page","link":"https:\/\/grupoboulevard.com\/corp\/nota-legal\/","title":{"rendered":"Nota Legal"},"content":{"rendered":"<div id='av_section_1'  class='avia-section av-22bvhp-14b1b864ced9d603095691a022dc1447 main_color avia-section-large avia-no-border-styling  avia-builder-el-0  el_before_av_section  avia-builder-el-first  avia-bg-style-scroll container_wrap sidebar_right'  ><div class='container av-section-cont-open' ><main  role=\"main\" itemprop=\"mainContentOfPage\"  class='template-page content  av-content-small alpha units'><div class='post-entry post-entry-type-page post-entry-613'><div class='entry-content-wrapper clearfix'>\n\n<style type=\"text\/css\" data-created_by=\"avia_inline_auto\" id=\"style-css-av-1u5jt9-f33a3fba1f28e62feb301327da716c7c\">\n#top .av-special-heading.av-1u5jt9-f33a3fba1f28e62feb301327da716c7c{\npadding-bottom:20px;\nfont-size:40px;\n}\nbody .av-special-heading.av-1u5jt9-f33a3fba1f28e62feb301327da716c7c .av-special-heading-tag .heading-char{\nfont-size:25px;\n}\n#top #wrap_all .av-special-heading.av-1u5jt9-f33a3fba1f28e62feb301327da716c7c .av-special-heading-tag{\nfont-size:40px;\n}\n.av-special-heading.av-1u5jt9-f33a3fba1f28e62feb301327da716c7c .av-subheading{\nfont-size:15px;\n}\n\n@media only screen and (min-width: 480px) and (max-width: 767px){ \n#top #wrap_all .av-special-heading.av-1u5jt9-f33a3fba1f28e62feb301327da716c7c .av-special-heading-tag{\nfont-size:0.8em;\n}\n}\n\n@media only screen and (max-width: 479px){ \n#top #wrap_all .av-special-heading.av-1u5jt9-f33a3fba1f28e62feb301327da716c7c .av-special-heading-tag{\nfont-size:0.8em;\n}\n}\n<\/style>\n<div  class='av-special-heading av-1u5jt9-f33a3fba1f28e62feb301327da716c7c av-special-heading-h2 blockquote modern-quote  avia-builder-el-1  el_before_av_hr  avia-builder-el-first  av-inherit-size'><h2 class='av-special-heading-tag '  itemprop=\"headline\"  >Nota Legal<\/h2><div class=\"special-heading-border\"><div class=\"special-heading-inner-border\"><\/div><\/div><\/div>\n\n<style type=\"text\/css\" data-created_by=\"avia_inline_auto\" id=\"style-css-av-1pb8cl-85911f6473975628cceab84f6cba1211\">\n#top .hr.av-1pb8cl-85911f6473975628cceab84f6cba1211{\nmargin-top:10px;\nmargin-bottom:10px;\n}\n.hr.av-1pb8cl-85911f6473975628cceab84f6cba1211 .hr-inner{\nwidth:50px;\nborder-color:#000000;\n}\n<\/style>\n<div  class='hr av-1pb8cl-85911f6473975628cceab84f6cba1211 hr-custom  avia-builder-el-2  el_after_av_heading  el_before_av_one_half  hr-left hr-icon-no'><span class='hr-inner inner-border-av-border-fat'><span class=\"hr-inner-style\"><\/span><\/span><\/div>\n\n<style type=\"text\/css\" data-created_by=\"avia_inline_auto\" id=\"style-css-av-1lug2d-dd88b1684f2d5b62ca26a9c2f040310c\">\n.flex_column.av-1lug2d-dd88b1684f2d5b62ca26a9c2f040310c{\nborder-radius:0px 0px 0px 0px;\npadding:0px 0px 0px 0px;\n}\n<\/style>\n<div  class='flex_column av-1lug2d-dd88b1684f2d5b62ca26a9c2f040310c av_one_half  avia-builder-el-3  el_after_av_hr  el_before_av_one_half  first flex_column_div av-zero-column-padding  '     ><section  class='av_textblock_section av-1ff2l9-84123aa13455229ae425070573ffcdf0 '   itemscope=\"itemscope\" itemtype=\"https:\/\/schema.org\/CreativeWork\" ><div class='avia_textblock'  itemprop=\"text\" ><p><main class=\"template-page content av-content-small units\" role=\"main\"><\/main><\/p>\n<div class=\"post-entry post-entry-type-page post-entry-1438\">\n<div class=\"entry-content-wrapper clearfix\">\n<h2>Identificaci\u00f3n y Titularidad<\/h2>\n<p>En cumplimiento del art\u00edculo 10 de la Ley 34\/2002, de 11 de julio, de Servicios de la Sociedad de la Informaci\u00f3n y Comercio Electr\u00f3nico, el Titular expone sus datos identificativos:<\/p>\n<ul>\n<li><b>Titular:<\/b>\u00a0Grupo Boulevard \u00b7 Avijo SL.<\/li>\n<li><b>CIF:<\/b>\u00a0B07611379<\/li>\n<li><b>Domicilio:<\/b>\u00a0 Avenida Albufera 23, Baleares &#8211; Espa\u00f1a.<\/li>\n<li><b>Correo electr\u00f3nico:<\/b>\u00a0 boulevard@GrupoBoulevard.com<\/li>\n<li><b>Sitio Web:<\/b>\u00a0 <a href=\"https:\/\/GrupoBoulevard.com\">https:\/\/GrupoBoulevard.com<\/a><\/li>\n<\/ul>\n<h2>Condiciones de Uso<\/h2>\n<p>La utilizaci\u00f3n del Sitio Web le otorga la condici\u00f3n de Usuario, e implica la aceptaci\u00f3n completa de todas las cl\u00e1usulas y condiciones de uso incluidas en las p\u00e1ginas:<\/p>\n<ul>\n<li><a href=\"https:\/\/grupoboulevard.com\/corp\/politica-de-privacidad\/\">Pol\u00edtica de Privacidad<\/a><\/li>\n<li><a href=\"https:\/\/grupoboulevard.com\/corp\/politica-de-cookies-ue\/\">Pol\u00edtica de Cookies<\/a><\/li>\n<\/ul>\n<p>Si no estuviera conforme con todas y cada una de estas cl\u00e1usulas y condiciones abst\u00e9ngase de utilizar el Sitio Web.<\/p>\n<p>El acceso al Sitio Web no supone, en modo alguno, el inicio de una relaci\u00f3n comercial con el Titular.<\/p>\n<p>A trav\u00e9s del Sitio Web, el Titular le facilita el acceso y la utilizaci\u00f3n de diversos contenidos que el Titular y\/o sus colaboradores han publicado por medio de Internet.<\/p>\n<p>A tal efecto, est\u00e1 obligado y comprometido a NO utilizar cualquiera de los contenidos del Sitio Web con fines o efectos il\u00edcitos, prohibidos en este Aviso Legal o por la legislaci\u00f3n vigente, lesivos de los derechos e intereses de terceros, o que de cualquier forma puedan da\u00f1ar, inutilizar, sobrecargar, deteriorar o impedir la normal utilizaci\u00f3n de los contenidos, los equipos inform\u00e1ticos o los documentos, archivos y toda clase de contenidos almacenados en cualquier equipo inform\u00e1tico propios o contratados por el Titular, de otros usuarios o de cualquier usuario de Internet.<\/p>\n<h2>Medidas de seguridad<\/h2>\n<p>Los datos personales que facilite al Titular pueden ser almacenados en bases de datos automatizadas o no, cuya titularidad corresponde en exclusiva al Titular, que asume todas las medidas de \u00edndole t\u00e9cnica, organizativa y de seguridad que garantizan la confidencialidad, integridad y calidad de la informaci\u00f3n contenida en las mismas de acuerdo con lo establecido en la normativa vigente en protecci\u00f3n de datos.<\/p>\n<p>No obstante, debe ser consciente de que las medidas de seguridad de los sistemas inform\u00e1ticos en Internet no son enteramente fiables y que, por tanto el Titular no puede garantizar la inexistencia de virus u otros elementos que puedan producir alteraciones en los sistemas inform\u00e1ticos (software y hardware) del Usuario o en sus documentos electr\u00f3nicos y ficheros contenidos en los mismos aunque el Titular pone todos los medios necesarios y toma las medidas de seguridad oportunas para evitar la presencia de estos elementos da\u00f1inos.<\/p>\n<h2>Contenidos<\/h2>\n<p>El Titular ha obtenido la informaci\u00f3n, el contenido multimedia y los materiales incluidos en el Sitio Web de fuentes que considera fiables, pero, si bien ha tomado todas las medidas razonables para asegurar que la informaci\u00f3n contenida es correcta, el Titular no garantiza que sea exacta, completa o actualizada. El Titular declina expresamente cualquier responsabilidad por error u omisi\u00f3n en la informaci\u00f3n contenida en las p\u00e1ginas del Sitio Web.<\/p>\n<p>Queda prohibido transmitir o enviar a trav\u00e9s del Sitio Web cualquier contenido ilegal o il\u00edcito, virus inform\u00e1ticos, o mensajes que, en general, afecten o violen derechos del Titular o de terceros.<\/p>\n<p>Los contenidos del Sitio Web tienen \u00fanicamente una finalidad informativa y bajo ninguna circunstancia deben usarse ni considerarse como oferta de venta, solicitud de una oferta de compra ni recomendaci\u00f3n para realizar cualquier otra operaci\u00f3n, salvo que as\u00ed se indique expresamente.<\/p>\n<p>El Titular se reserva el derecho a modificar, suspender, cancelar o restringir el contenido del Sitio Web, los v\u00ednculos o la informaci\u00f3n obtenida a trav\u00e9s del Sitio Web, sin necesidad de previo aviso.<\/p>\n<p>El Titular\u00a0no es responsable de los da\u00f1os y perjuicios que pudieran derivarse de la utilizaci\u00f3n de la informaci\u00f3n del Sitio Web o de la contenida en las redes sociales del Titular.<\/p>\n<h2>Pol\u00edtica de cookies<\/h2>\n<p>Puede consultar toda la informaci\u00f3n relativa a la pol\u00edtica de recogida y tratamiento de las cookies en la p\u00e1gina de Pol\u00edtica de Cookies.<\/p>\n<\/div>\n<\/div>\n<\/div><\/section><\/div>\n<style type=\"text\/css\" data-created_by=\"avia_inline_auto\" id=\"style-css-av-199qzx-b3722ab73a651a13a0191570482e4e0e\">\n.flex_column.av-199qzx-b3722ab73a651a13a0191570482e4e0e{\nborder-radius:0px 0px 0px 0px;\npadding:0px 0px 0px 0px;\n}\n<\/style>\n<div  class='flex_column av-199qzx-b3722ab73a651a13a0191570482e4e0e av_one_half  avia-builder-el-5  el_after_av_one_half  avia-builder-el-last  flex_column_div av-zero-column-padding  '     ><section  class='av_textblock_section av-djct-789a9a005d98d3365997dee9b2ac2051 '   itemscope=\"itemscope\" itemtype=\"https:\/\/schema.org\/CreativeWork\" ><div class='avia_textblock'  itemprop=\"text\" ><h2>Enlaces a otros sitios Web<\/h2>\n<p>El Titular puede proporcionarle acceso a sitios Web de terceros mediante enlaces con la finalidad exclusiva de informar sobre la existencia de otras fuentes de informaci\u00f3n en Internet en las que podr\u00e1 ampliar los datos ofrecidos en el Sitio Web.<\/p>\n<p>Estos enlaces a otros sitios Web no suponen en ning\u00fan caso una sugerencia o recomendaci\u00f3n para que usted visite las p\u00e1ginas web de destino, que est\u00e1n fuera del control del Titular, por lo que el Titular no es responsable del contenido de los sitios web vinculados ni del resultado que obtenga al seguir los enlaces. Asimismo, el Titular no responde de los links o enlaces ubicados en los sitios web vinculados a los que le proporciona acceso.<\/p>\n<p>El establecimiento del enlace no implica en ning\u00fan caso la existencia de relaciones entre el Titular y el propietario del sitio en el que se establezca el enlace, ni la aceptaci\u00f3n o aprobaci\u00f3n por parte del Titular de sus contenidos o servicios.<\/p>\n<p>Si accede a un sitio web externo desde un enlace que encuentre en el Sitio Web usted deber\u00e1 leer la propia pol\u00edtica de privacidad del otro sitio web que puede ser diferente de la de este sitio Web.<\/p>\n<h2>Propiedad intelectual e industrial<\/h2>\n<p>Todos los derechos est\u00e1n reservados.<\/p>\n<p>Todo acceso a este Sitio Web est\u00e1 sujeto a las siguientes condiciones: la reproducci\u00f3n, almacenaje permanente y la difusi\u00f3n de los contenidos o cualquier otro uso que tenga finalidad p\u00fablica o comercial queda expresamente prohibida sin el consentimiento previo expreso y por escrito del Titular.<\/p>\n<h2>Limitaci\u00f3n de responsabilidad<\/h2>\n<p>El Titular declina cualquier responsabilidad en caso de que existan interrupciones o un mal funcionamiento de los Servicios o contenidos ofrecidos en Internet, cualquiera que sea su causa. Asimismo, el Titular no se hace responsable por ca\u00eddas de la red, p\u00e9rdidas de negocio a consecuencia de dichas ca\u00eddas, suspensiones temporales de fluido el\u00e9ctrico o cualquier otro tipo de da\u00f1o indirecto que te pueda ser causado por causas ajenas a el Titular.<\/p>\n<p>Antes de tomar decisiones y\/o acciones con base a la informaci\u00f3n incluida en el Sitio Web, el Titular le recomienda comprobar y contrastar la informaci\u00f3n recibida con otras fuentes.<\/p>\n<h2>Jurisdicci\u00f3n<\/h2>\n<p>Este Aviso Legal se rige \u00edntegramente por la legislaci\u00f3n espa\u00f1ola.<\/p>\n<h2>Contacto<\/h2>\n<p>En caso de que usted tenga cualquier duda acerca de este Aviso Legal o quiera realizar cualquier comentario sobre el Sitio Web, puede enviar un mensaje de correo electr\u00f3nico a la direcci\u00f3n: boulevard@GrupoBoulevard.com<\/p>\n<\/div><\/section><\/div><\/div><\/div><\/main><!-- close content main element --><\/div><\/div><div id='av_section_2'  class='avia-section av-yqizp-c14e1732b8ed42a57847a547189ce0a5 main_color avia-section-large avia-no-border-styling  avia-builder-el-7  el_after_av_section  avia-builder-el-last  avia-bg-style-scroll container_wrap sidebar_right'  ><div class='container av-section-cont-open' ><div class='template-page content  av-content-small alpha units'><div class='post-entry post-entry-type-page post-entry-613'><div class='entry-content-wrapper clearfix'>\n\n<style type=\"text\/css\" data-created_by=\"avia_inline_auto\" id=\"style-css-av-h7vad-928bcaa1b30d17133bac7c31b9d9d990\">\n.flex_column.av-h7vad-928bcaa1b30d17133bac7c31b9d9d990{\nborder-radius:0px 0px 0px 0px;\npadding:0px 0px 0px 0px;\n}\n<\/style>\n<div  class='flex_column av-h7vad-928bcaa1b30d17133bac7c31b9d9d990 av_one_half  avia-builder-el-8  el_before_av_one_half  avia-builder-el-first  first flex_column_div av-zero-column-padding  '     ><\/div>\n<style type=\"text\/css\" data-created_by=\"avia_inline_auto\" id=\"style-css-av-av_one_half-e671fab5613f317ef63eb9ab712c64a3\">\n.flex_column.av-av_one_half-e671fab5613f317ef63eb9ab712c64a3{\nborder-radius:0px 0px 0px 0px;\npadding:0px 0px 0px 0px;\n}\n<\/style>\n<div  class='flex_column av-av_one_half-e671fab5613f317ef63eb9ab712c64a3 av_one_half  avia-builder-el-9  el_after_av_one_half  avia-builder-el-last  flex_column_div av-zero-column-padding  '     ><\/div><\/div><\/div><\/div><!-- close content main div --><\/div><\/div><div id='after_section_2'  class='main_color av_default_container_wrap container_wrap sidebar_right'  ><div class='container av-section-cont-open' ><div class='template-page content  av-content-small alpha units'><div class='post-entry post-entry-type-page post-entry-613'><div class='entry-content-wrapper clearfix'><\/p>\n","protected":false},"excerpt":{"rendered":"","protected":false},"author":1,"featured_media":0,"parent":0,"menu_order":0,"comment_status":"closed","ping_status":"closed","template":"","meta":{"footnotes":""},"class_list":["post-613","page","type-page","status-publish","hentry"],"yoast_head":"<!-- This site is optimized with the Yoast SEO plugin v27.3 - https:\/\/yoast.com\/product\/yoast-seo-wordpress\/ -->\n<title>Nota Legal - Grupo Boulevard | Desde 1993<\/title>\n<meta name=\"robots\" content=\"index, follow, max-snippet:-1, max-image-preview:large, max-video-preview:-1\" \/>\n<link rel=\"canonical\" href=\"https:\/\/grupoboulevard.com\/corp\/nota-legal\/\" \/>\n<meta property=\"og:locale\" content=\"es_ES\" \/>\n<meta property=\"og:type\" content=\"article\" \/>\n<meta property=\"og:title\" content=\"Nota Legal - Grupo Boulevard | Desde 1993\" \/>\n<meta property=\"og:url\" content=\"https:\/\/grupoboulevard.com\/corp\/nota-legal\/\" \/>\n<meta property=\"og:site_name\" content=\"Grupo Boulevard | Desde 1993\" \/>\n<meta property=\"article:publisher\" content=\"https:\/\/es-es.facebook.com\/ProyectosBoulevard\/\" \/>\n<meta property=\"article:modified_time\" content=\"2022-11-04T12:40:29+00:00\" \/>\n<meta name=\"twitter:card\" content=\"summary_large_image\" \/>\n<meta name=\"twitter:label1\" content=\"Tiempo de lectura\" \/>\n\t<meta name=\"twitter:data1\" content=\"9 minutos\" \/>\n<script type=\"application\/ld+json\" class=\"yoast-schema-graph\">{\"@context\":\"https:\\\/\\\/schema.org\",\"@graph\":[{\"@type\":\"WebPage\",\"@id\":\"https:\\\/\\\/grupoboulevard.com\\\/corp\\\/nota-legal\\\/\",\"url\":\"https:\\\/\\\/grupoboulevard.com\\\/corp\\\/nota-legal\\\/\",\"name\":\"Nota Legal - Grupo Boulevard | Desde 1993\",\"isPartOf\":{\"@id\":\"https:\\\/\\\/grupoboulevard.com\\\/corp\\\/#website\"},\"datePublished\":\"2017-02-02T12:29:24+00:00\",\"dateModified\":\"2022-11-04T12:40:29+00:00\",\"breadcrumb\":{\"@id\":\"https:\\\/\\\/grupoboulevard.com\\\/corp\\\/nota-legal\\\/#breadcrumb\"},\"inLanguage\":\"es\",\"potentialAction\":[{\"@type\":\"ReadAction\",\"target\":[\"https:\\\/\\\/grupoboulevard.com\\\/corp\\\/nota-legal\\\/\"]}]},{\"@type\":\"BreadcrumbList\",\"@id\":\"https:\\\/\\\/grupoboulevard.com\\\/corp\\\/nota-legal\\\/#breadcrumb\",\"itemListElement\":[{\"@type\":\"ListItem\",\"position\":1,\"name\":\"Portada\",\"item\":\"https:\\\/\\\/grupoboulevard.com\\\/corp\\\/grupo-boulevard\\\/\"},{\"@type\":\"ListItem\",\"position\":2,\"name\":\"Nota Legal\"}]},{\"@type\":\"WebSite\",\"@id\":\"https:\\\/\\\/grupoboulevard.com\\\/corp\\\/#website\",\"url\":\"https:\\\/\\\/grupoboulevard.com\\\/corp\\\/\",\"name\":\"Grupo Boulevard | Desde 1993\",\"description\":\"Passion for Projects\",\"publisher\":{\"@id\":\"https:\\\/\\\/grupoboulevard.com\\\/corp\\\/#organization\"},\"potentialAction\":[{\"@type\":\"SearchAction\",\"target\":{\"@type\":\"EntryPoint\",\"urlTemplate\":\"https:\\\/\\\/grupoboulevard.com\\\/corp\\\/?s={search_term_string}\"},\"query-input\":{\"@type\":\"PropertyValueSpecification\",\"valueRequired\":true,\"valueName\":\"search_term_string\"}}],\"inLanguage\":\"es\"},{\"@type\":\"Organization\",\"@id\":\"https:\\\/\\\/grupoboulevard.com\\\/corp\\\/#organization\",\"name\":\"Grupo Boulevard\",\"alternateName\":\"Grupo Boulevard\",\"url\":\"https:\\\/\\\/grupoboulevard.com\\\/corp\\\/\",\"logo\":{\"@type\":\"ImageObject\",\"inLanguage\":\"es\",\"@id\":\"https:\\\/\\\/grupoboulevard.com\\\/corp\\\/#\\\/schema\\\/logo\\\/image\\\/\",\"url\":\"https:\\\/\\\/grupoboulevard.com\\\/corp\\\/wp-content\\\/uploads\\\/2022\\\/11\\\/cropped-favicon_b.png\",\"contentUrl\":\"https:\\\/\\\/grupoboulevard.com\\\/corp\\\/wp-content\\\/uploads\\\/2022\\\/11\\\/cropped-favicon_b.png\",\"width\":512,\"height\":512,\"caption\":\"Grupo Boulevard\"},\"image\":{\"@id\":\"https:\\\/\\\/grupoboulevard.com\\\/corp\\\/#\\\/schema\\\/logo\\\/image\\\/\"},\"sameAs\":[\"https:\\\/\\\/es-es.facebook.com\\\/ProyectosBoulevard\\\/\",\"https:\\\/\\\/www.instagram.com\\\/boulevard_grupo\\\/?hl=es\"]}]}<\/script>\n<!-- \/ Yoast SEO plugin. -->","yoast_head_json":{"title":"Nota Legal - Grupo Boulevard | Desde 1993","robots":{"index":"index","follow":"follow","max-snippet":"max-snippet:-1","max-image-preview":"max-image-preview:large","max-video-preview":"max-video-preview:-1"},"canonical":"https:\/\/grupoboulevard.com\/corp\/nota-legal\/","og_locale":"es_ES","og_type":"article","og_title":"Nota Legal - Grupo Boulevard | Desde 1993","og_url":"https:\/\/grupoboulevard.com\/corp\/nota-legal\/","og_site_name":"Grupo Boulevard | Desde 1993","article_publisher":"https:\/\/es-es.facebook.com\/ProyectosBoulevard\/","article_modified_time":"2022-11-04T12:40:29+00:00","twitter_card":"summary_large_image","twitter_misc":{"Tiempo de lectura":"9 minutos"},"schema":{"@context":"https:\/\/schema.org","@graph":[{"@type":"WebPage","@id":"https:\/\/grupoboulevard.com\/corp\/nota-legal\/","url":"https:\/\/grupoboulevard.com\/corp\/nota-legal\/","name":"Nota Legal - Grupo Boulevard | Desde 1993","isPartOf":{"@id":"https:\/\/grupoboulevard.com\/corp\/#website"},"datePublished":"2017-02-02T12:29:24+00:00","dateModified":"2022-11-04T12:40:29+00:00","breadcrumb":{"@id":"https:\/\/grupoboulevard.com\/corp\/nota-legal\/#breadcrumb"},"inLanguage":"es","potentialAction":[{"@type":"ReadAction","target":["https:\/\/grupoboulevard.com\/corp\/nota-legal\/"]}]},{"@type":"BreadcrumbList","@id":"https:\/\/grupoboulevard.com\/corp\/nota-legal\/#breadcrumb","itemListElement":[{"@type":"ListItem","position":1,"name":"Portada","item":"https:\/\/grupoboulevard.com\/corp\/grupo-boulevard\/"},{"@type":"ListItem","position":2,"name":"Nota Legal"}]},{"@type":"WebSite","@id":"https:\/\/grupoboulevard.com\/corp\/#website","url":"https:\/\/grupoboulevard.com\/corp\/","name":"Grupo Boulevard | Desde 1993","description":"Passion for Projects","publisher":{"@id":"https:\/\/grupoboulevard.com\/corp\/#organization"},"potentialAction":[{"@type":"SearchAction","target":{"@type":"EntryPoint","urlTemplate":"https:\/\/grupoboulevard.com\/corp\/?s={search_term_string}"},"query-input":{"@type":"PropertyValueSpecification","valueRequired":true,"valueName":"search_term_string"}}],"inLanguage":"es"},{"@type":"Organization","@id":"https:\/\/grupoboulevard.com\/corp\/#organization","name":"Grupo Boulevard","alternateName":"Grupo Boulevard","url":"https:\/\/grupoboulevard.com\/corp\/","logo":{"@type":"ImageObject","inLanguage":"es","@id":"https:\/\/grupoboulevard.com\/corp\/#\/schema\/logo\/image\/","url":"https:\/\/grupoboulevard.com\/corp\/wp-content\/uploads\/2022\/11\/cropped-favicon_b.png","contentUrl":"https:\/\/grupoboulevard.com\/corp\/wp-content\/uploads\/2022\/11\/cropped-favicon_b.png","width":512,"height":512,"caption":"Grupo Boulevard"},"image":{"@id":"https:\/\/grupoboulevard.com\/corp\/#\/schema\/logo\/image\/"},"sameAs":["https:\/\/es-es.facebook.com\/ProyectosBoulevard\/","https:\/\/www.instagram.com\/boulevard_grupo\/?hl=es"]}]}},"_links":{"self":[{"href":"https:\/\/grupoboulevard.com\/corp\/wp-json\/wp\/v2\/pages\/613","targetHints":{"allow":["GET"]}}],"collection":[{"href":"https:\/\/grupoboulevard.com\/corp\/wp-json\/wp\/v2\/pages"}],"about":[{"href":"https:\/\/grupoboulevard.com\/corp\/wp-json\/wp\/v2\/types\/page"}],"author":[{"embeddable":true,"href":"https:\/\/grupoboulevard.com\/corp\/wp-json\/wp\/v2\/users\/1"}],"replies":[{"embeddable":true,"href":"https:\/\/grupoboulevard.com\/corp\/wp-json\/wp\/v2\/comments?post=613"}],"version-history":[{"count":2,"href":"https:\/\/grupoboulevard.com\/corp\/wp-json\/wp\/v2\/pages\/613\/revisions"}],"predecessor-version":[{"id":3255,"href":"https:\/\/grupoboulevard.com\/corp\/wp-json\/wp\/v2\/pages\/613\/revisions\/3255"}],"wp:attachment":[{"href":"https:\/\/grupoboulevard.com\/corp\/wp-json\/wp\/v2\/media?parent=613"}],"curies":[{"name":"wp","href":"https:\/\/api.w.org\/{rel}","templated":true}]}}